{"id":32,"date":"2020-04-06T11:13:05","date_gmt":"2020-04-06T11:13:05","guid":{"rendered":"http:\/\/cws-it-service.de\/?page_id=32"},"modified":"2020-04-06T11:13:05","modified_gmt":"2020-04-06T11:13:05","slug":"impressum","status":"publish","type":"page","link":"https:\/\/www.cws-it-service.de\/?page_id=32","title":{"rendered":"Impressum"},"content":{"rendered":"\n<p class=\"wp-block-paragraph\">CWS IT-Service GmbH<br>Rondenbarg 25 \/ Tor 2<br>D-22525 Hamburg<br>Telefon +49 (0)40 \/ 69 69 193 \u2013 0<\/p>\n\n\n\n<p class=\"wp-block-paragraph\">Internet: www.cws-it-service.de<br>e-Mail: info[at]cws-it-service.de<\/p>\n\n\n\n<p class=\"wp-block-paragraph\">Vertretungsberechtigte Gesch\u00e4ftsf\u00fchrer:<br>Kay Weidemann<\/p>\n\n\n\n<p class=\"wp-block-paragraph\">Registernummer: Handelsregister Hamburg, HRB 93911<\/p>\n\n\n\n<p class=\"wp-block-paragraph\">Umsatzsteuer-Identifikationsnummer gem\u00e4\u00df \u00a727 a:<br>DE814513359<\/p>\n\n\n\n<p class=\"wp-block-paragraph\">Inhaltlich Verantwortlicher gem\u00e4\u00df \u00a7 55 Abs. 2 RStV:<br>Kay Weidemann<\/p>\n\n\n\n<p class=\"wp-block-paragraph\">Haftungshinweis:<br>Trotz sorgf\u00e4ltiger inhaltlicher Kontrolle \u00fcbernehmen wir keine Haftung f\u00fcr die Inhalte externer Links. F\u00fcr den Inhalt der verlinkten Seiten sind ausschlie\u00dflich deren Betreiber verantwortlich.<\/p>\n\n\n\n<p class=\"wp-block-paragraph\">Copyrightinformation:<br>Alle Produkte und Kennzeichnungen, die in diesen Unterlagen erw\u00e4hnt werden, sind in den meisten F\u00e4llen auch eingetragene Warenzeichen ihrer jeweiligen Inhaber und sind folglich Themen zum Gesetz.<br>Technische Details sind abh\u00e4ngig von \u00c4nderung \u2013 auch ohne Ansage.<\/p>\n","protected":false},"excerpt":{"rendered":"<p>CWS IT-Service GmbHRondenbarg 25 \/ Tor 2D-22525 HamburgTelefon +49 (0)40 \/ 69 69 193 \u2013 0 Internet: www.cws-it-service.dee-Mail: info[at]cws-it-service.de Vertretungsberechtigte Gesch\u00e4ftsf\u00fchrer:Kay Weidemann Registernummer: Handelsregister Hamburg, HRB 93911 Umsatzsteuer-Identifikationsnummer gem\u00e4\u00df \u00a727 a:DE814513359 Inhaltlich Verantwortlicher gem\u00e4\u00df \u00a7 55 Abs. 2 RStV:Kay Weidemann Haftungshinweis:Trotz sorgf\u00e4ltiger inhaltlicher Kontrolle \u00fcbernehmen wir keine Haftung f\u00fcr die Inhalte externer Links. F\u00fcr den &hellip; <\/p>\n<p class=\"link-more\"><a href=\"https:\/\/www.cws-it-service.de\/?page_id=32\" class=\"more-link\"><span class=\"screen-reader-text\">\u201eImpressum\u201c<\/span> weiterlesen<\/a><\/p>\n","protected":false},"author":1,"featured_media":0,"parent":0,"menu_order":0,"comment_status":"closed","ping_status":"closed","template":"","meta":{"_crdt_document":"","footnotes":""},"class_list":["post-32","page","type-page","status-publish","hentry"],"aioseo_notices":[],"_links":{"self":[{"href":"https:\/\/www.cws-it-service.de\/index.php?rest_route=\/wp\/v2\/pages\/32","targetHints":{"allow":["GET"]}}],"collection":[{"href":"https:\/\/www.cws-it-service.de\/index.php?rest_route=\/wp\/v2\/pages"}],"about":[{"href":"https:\/\/www.cws-it-service.de\/index.php?rest_route=\/wp\/v2\/types\/page"}],"author":[{"embeddable":true,"href":"https:\/\/www.cws-it-service.de\/index.php?rest_route=\/wp\/v2\/users\/1"}],"replies":[{"embeddable":true,"href":"https:\/\/www.cws-it-service.de\/index.php?rest_route=%2Fwp%2Fv2%2Fcomments&post=32"}],"version-history":[{"count":0,"href":"https:\/\/www.cws-it-service.de\/index.php?rest_route=\/wp\/v2\/pages\/32\/revisions"}],"wp:attachment":[{"href":"https:\/\/www.cws-it-service.de\/index.php?rest_route=%2Fwp%2Fv2%2Fmedia&parent=32"}],"curies":[{"name":"wp","href":"https:\/\/api.w.org\/{rel}","templated":true}]}}